{"id":1557,"date":"2015-07-15T14:18:35","date_gmt":"2015-07-15T14:18:35","guid":{"rendered":"http:\/\/www.leboisducazier.be\/home\/?lang=en"},"modified":"2023-11-14T10:11:02","modified_gmt":"2023-11-14T10:11:02","slug":"home-2-2","status":"publish","type":"page","link":"https:\/\/www.leboisducazier.be\/en\/","title":{"rendered":"Home"},"content":{"rendered":"<div id=\"pl-1557\"  class=\"panel-layout\" ><div id=\"pg-1557-0\"  class=\"panel-grid panel-no-style\" ><div id=\"pgc-1557-0-0\"  class=\"panel-grid-cell\" ><\/div><\/div><div id=\"pg-1557-1\"  class=\"panel-grid panel-no-style\" ><div id=\"pgc-1557-1-0\"  class=\"panel-grid-cell\" ><div id=\"panel-1557-1-0-0\" class=\"so-panel widget widget_black-studio-tinymce widget_black_studio_tinymce panel-first-child panel-last-child\" data-index=\"1\" ><h3 class=\"widget-title\">The Bois du Cazier<\/h3><div class=\"textwidget\"><p id=\"tw-target-text\" class=\"tw-data-text vk_txt tw-ta tw-text-small\" dir=\"ltr\" style=\"text-align: justify;\" data-placeholder=\"Traduction\"><span lang=\"en\">To the south of Charleroi, at the gateway to the picturesque Entre-Sambre-et-Meuse region, the Bois du Cazier has become a place of life and meetings set against a background of industrial heritage. <\/span><\/p>\n<\/div><\/div><\/div><div id=\"pgc-1557-1-1\"  class=\"panel-grid-cell\" ><div id=\"panel-1557-1-1-0\" class=\"so-panel widget widget_counter-widget panel-first-child\" data-index=\"2\" ><div\n\t\t\t\n\t\t\tclass=\"so-widget-counter-widget so-widget-counter-widget-base\"\n\t\t\t\n\t\t>\n<div class=\"countdown\">\n<div class=\"fact-ico\">\n<span class=\"sow-icon-fontawesome sow-fas\" data-sow-icon=\"&#xf0c0;\"\n\t\tstyle=\"font-size: 70px; color: #848388\" \n\t\taria-hidden=\"true\"><\/span> <\/div>\n<div class=\"clearfix\"><\/div>\n<div class=\"timer\" data-perc=\"50000\"> <span class=\"count\" style=\"color:#848388\">50000<\/span> <\/div>\n<div class=\"clearfix\"><\/div>\n<span class=\"fact\" style=\"color:#848388\">Visitors in 2022<\/span>\n<\/div><\/div><\/div><div id=\"panel-1557-1-1-1\" class=\"so-panel widget widget_spacer-widget panel-last-child\" data-index=\"3\" ><div\n\t\t\t\n\t\t\tclass=\"so-widget-spacer-widget so-widget-spacer-widget-base\"\n\t\t\t\n\t\t>\n<div class=\"clearfix\" style=\"height:15px\"><\/div><\/div><\/div><\/div><div id=\"pgc-1557-1-2\"  class=\"panel-grid-cell\" ><div id=\"panel-1557-1-2-0\" class=\"so-panel widget widget_counter-widget panel-first-child\" data-index=\"4\" ><div\n\t\t\t\n\t\t\tclass=\"so-widget-counter-widget so-widget-counter-widget-base\"\n\t\t\t\n\t\t>\n<div class=\"countdown\">\n<div class=\"fact-ico\">\n<span class=\"sow-icon-fontawesome sow-fas\" data-sow-icon=\"&#xf557;\"\n\t\tstyle=\"font-size: 70px; color: #848388\" \n\t\taria-hidden=\"true\"><\/span> <\/div>\n<div class=\"clearfix\"><\/div>\n<div class=\"timer\" data-perc=\"2012\"> <span class=\"count\" style=\"color:#848388\">2012<\/span> <\/div>\n<div class=\"clearfix\"><\/div>\n<span class=\"fact\" style=\"color:#848388\">Classified by Unesco<\/span>\n<\/div><\/div><\/div><div id=\"panel-1557-1-2-1\" class=\"so-panel widget widget_spacer-widget panel-last-child\" data-index=\"5\" ><div\n\t\t\t\n\t\t\tclass=\"so-widget-spacer-widget so-widget-spacer-widget-base\"\n\t\t\t\n\t\t>\n<div class=\"clearfix\" style=\"height:15px\"><\/div><\/div><\/div><\/div><div id=\"pgc-1557-1-3\"  class=\"panel-grid-cell\" ><div id=\"panel-1557-1-3-0\" class=\"so-panel widget widget_counter-widget panel-first-child\" data-index=\"6\" ><div\n\t\t\t\n\t\t\tclass=\"so-widget-counter-widget so-widget-counter-widget-base\"\n\t\t\t\n\t\t>\n<div class=\"countdown\">\n<div class=\"fact-ico\">\n<span class=\"sow-icon-fontawesome sow-fas\" data-sow-icon=\"&#xf06c;\"\n\t\tstyle=\"font-size: 70px; color: #848388\" \n\t\taria-hidden=\"true\"><\/span> <\/div>\n<div class=\"clearfix\"><\/div>\n<div class=\"timer\" data-perc=\"25\"> <span class=\"count\" style=\"color:#848388\">25<\/span> <\/div>\n<div class=\"clearfix\"><\/div>\n<span class=\"fact\" style=\"color:#848388\">Hectare of wooded area<\/span>\n<\/div><\/div><\/div><div id=\"panel-1557-1-3-1\" class=\"so-panel widget widget_spacer-widget panel-last-child\" data-index=\"7\" ><div\n\t\t\t\n\t\t\tclass=\"so-widget-spacer-widget so-widget-spacer-widget-base\"\n\t\t\t\n\t\t>\n<div class=\"clearfix\" style=\"height:15px\"><\/div><\/div><\/div><\/div><div id=\"pgc-1557-1-4\"  class=\"panel-grid-cell\" ><div id=\"panel-1557-1-4-0\" class=\"widget_text so-panel widget widget_custom_html panel-first-child panel-last-child\" data-index=\"8\" ><div class=\"textwidget custom-html-widget\"><div id=\"TA_selfserveprop418\" class=\"TA_selfserveprop\"><ul id=\"neMr7F76\" class=\"TA_links VW2ka0c\"><li id=\"pVh822ESiUt\" class=\"HRLOiA\"><a target=\"_blank\" href=\"https:\/\/fr.tripadvisor.be\/Attraction_Review-g188646-d3140962-Reviews-Le_Bois_du_Cazier-Charleroi_Hainaut_Province_Wallonia.html\"><img decoding=\"async\" src=\"https:\/\/fr.tripadvisor.be\/img\/cdsi\/img2\/branding\/150_logo-11900-2.png\" alt=\"TripAdvisor\"\/><\/a><\/li><\/ul><\/div><script src=\"https:\/\/www.jscache.com\/wejs?wtype=selfserveprop&amp;uniq=418&amp;locationId=3140962&amp;lang=fr_BE&amp;rating=false&amp;nreviews=2&amp;writereviewlink=false&amp;popIdx=true&amp;iswide=false&amp;border=false&amp;display_version=2\"><\/script><\/div><\/div><\/div><\/div><div id=\"pg-1557-2\"  class=\"panel-grid panel-has-style\" ><div class=\"siteorigin-panels-stretch panel-row-style panel-row-style-for-1557-2\" data-stretch-type=\"full-stretched\" ><div id=\"pgc-1557-2-0\"  class=\"panel-grid-cell\" ><div id=\"panel-1557-2-0-0\" class=\"so-panel widget widget_spacer-widget panel-first-child\" data-index=\"9\" ><div\n\t\t\t\n\t\t\tclass=\"so-widget-spacer-widget so-widget-spacer-widget-base\"\n\t\t\t\n\t\t>\n<div class=\"clearfix\" style=\"height:15px\"><\/div><\/div><\/div><div id=\"panel-1557-2-0-1\" class=\"so-panel widget widget_skewed-title-widget\" data-index=\"10\" ><div\n\t\t\t\n\t\t\tclass=\"so-widget-skewed-title-widget so-widget-skewed-title-widget-base\"\n\t\t\t\n\t\t><div class=\"skewed-title-bar\">\n    <div class=\"container\">\n        <h4 style=\"background:#e8e8e8; color:#848388;\">\n            <span>Our museums<\/span>\n        <\/h4>\n    <\/div>\n<\/div><\/div><\/div><div id=\"panel-1557-2-0-2\" class=\"so-panel widget widget_spacer-widget panel-last-child\" data-index=\"11\" ><div\n\t\t\t\n\t\t\tclass=\"so-widget-spacer-widget so-widget-spacer-widget-base\"\n\t\t\t\n\t\t>\n<div class=\"clearfix\" style=\"height:15px\"><\/div><\/div><\/div><\/div><\/div><\/div><div id=\"pg-1557-3\"  class=\"panel-grid panel-no-style\" ><div id=\"pgc-1557-3-0\"  class=\"panel-grid-cell\" ><\/div><\/div><div id=\"pg-1557-4\"  class=\"panel-grid panel-has-style\" ><div class=\"siteorigin-panels-stretch panel-row-style panel-row-style-for-1557-4\" data-stretch-type=\"full\" ><div id=\"pgc-1557-4-0\"  class=\"panel-grid-cell\" ><div id=\"panel-1557-4-0-0\" class=\"so-panel widget widget_spacer-widget panel-first-child panel-last-child\" data-index=\"13\" ><div\n\t\t\t\n\t\t\tclass=\"so-widget-spacer-widget so-widget-spacer-widget-base\"\n\t\t\t\n\t\t>\n<div class=\"clearfix\" style=\"height:20px\"><\/div><\/div><\/div><\/div><\/div><\/div><div id=\"pg-1557-5\"  class=\"panel-grid panel-has-style\" ><div class=\"accent-bg siteorigin-panels-stretch panel-row-style panel-row-style-for-1557-5\" data-stretch-type=\"full\" ><div id=\"pgc-1557-5-0\"  class=\"panel-grid-cell\" ><div id=\"panel-1557-5-0-0\" class=\"so-panel widget widget_spacer-widget panel-first-child\" data-index=\"14\" ><div\n\t\t\t\n\t\t\tclass=\"so-widget-spacer-widget so-widget-spacer-widget-base\"\n\t\t\t\n\t\t>\n<div class=\"clearfix\" style=\"height:30px\"><\/div><\/div><\/div><div id=\"panel-1557-5-0-1\" class=\"so-panel widget widget_testimonials-widget\" data-index=\"15\" ><div\n\t\t\t\n\t\t\tclass=\"so-widget-testimonials-widget so-widget-testimonials-widget-base\"\n\t\t\t\n\t\t><div class=\"text-align-\"><h3 class=\"widget-title\" style=\"color:#ffffff\">What our visitors say<\/h3><\/div>\n\n<div class=\"carousel-wrapper\">\n        <ul class=\"owl-carousel carousel-fw\" id=\"testimonials-slider\" data-columns=\"3\" data-autoplay=\"\" data-pagination=\"no\" data-arrows=\"yes\" data-single-item=\"no\" data-items-desktop=\"3\" data-items-desktop-small=\"2\" data-items-tablet=\"2\" data-items-mobile=\"1\"  data-rtl=\"ltr\" >\n\n\n\t\t\t            <li class=\"item\">\n                  <blockquote>\n                      <div class=\"quote\">\n<p id=\"HEADING\" class=\"title\"><span style=\"font-family: Georgia, Palatino;\">Un des lieux les plus int\u00e9ressants de Charleroi.<\/span><\/p>\n<\/div>\n<div class=\"prw_rup prw_reviews_resp_sur_review_text_expanded\" data-prwidget-name=\"reviews_resp_sur_review_text_expanded\" data-prwidget-init=\"handlers\">\n<div class=\"entry\">\n<p class=\"partial_entry\"><span class=\"fullText \" style=\"font-family: Georgia, Palatino;\">Un vaste espace de mus\u00e9es sur un ancien site minier tr\u00e8s bien r\u00e9alis\u00e9 avec modernisme et go\u00fbt. Des balades possibles sur les anciens terrils. Bref, de quoi passer une apr\u00e8s midi agr\u00e9able et culturelle.<\/span><\/p>\n<\/div>\n<\/div>\n                      <cite>Tardy T<\/cite>\n                  <\/blockquote>\n              <\/li>\n        \n\t\t            <li class=\"item\">\n                  <blockquote>\n                      <p><span style=\"font-family: Georgia, Palatino;\">A voir absolument !<\/span><br \/>\n<span style=\"font-family: Georgia, Palatino;\">La charg\u00e9e de projet Christelle vous explique toutes les diff\u00e9rentes fa\u00e7ons de d\u00e9couvrir le lieu. Possibilit\u00e9 d&#8217;y passer la journ\u00e9e vu toutes les activit\u00e9s propos\u00e9es sur place.<\/span><\/p>\n                      <cite>St\u00e9phanie B<\/cite>\n                  <\/blockquote>\n              <\/li>\n        \n\t\t            <li class=\"item\">\n                  <blockquote>\n                      <p><span class=\"_r8r\" style=\"font-family: Georgia, Palatino;\">Lieu de souvenir esth\u00e9tique et instructif. L&#8217;allure d&#8217;antan se ressent encore mais les traces charbonneuses sont presque effac\u00e9es.<\/span><\/p>\n                      <cite>Damien C.<\/cite>\n                  <\/blockquote>\n              <\/li>\n        \n\t\t            <li class=\"item\">\n                  <blockquote>\n                      <p><span style=\"font-family: Georgia, Palatino;\">Da visitare assolutamente. Vale il viaggio.<\/span><\/p>\n                      <cite>Chiara Plazzi<\/cite>\n                  <\/blockquote>\n              <\/li>\n        \n\t\t\n\t\t<\/ul>\n\t<\/div>\n<\/div><\/div><div id=\"panel-1557-5-0-2\" class=\"so-panel widget widget_spacer-widget panel-last-child\" data-index=\"16\" ><div\n\t\t\t\n\t\t\tclass=\"so-widget-spacer-widget so-widget-spacer-widget-base\"\n\t\t\t\n\t\t>\n<div class=\"clearfix\" style=\"height:30px\"><\/div><\/div><\/div><\/div><\/div><\/div><div id=\"pg-1557-6\"  class=\"panel-grid panel-no-style\" ><div id=\"pgc-1557-6-0\"  class=\"panel-grid-cell panel-grid-cell-empty\" ><\/div><\/div><\/div>","protected":false},"excerpt":{"rendered":"<p>To the south of Charleroi, at the gateway to the picturesque Entre-Sambre-et-Meuse region, the Bois du Cazier has become a place of life and meetings set against a background of industrial heritage.<\/p>\n","protected":false},"author":1,"featured_media":0,"parent":0,"menu_order":114,"comment_status":"closed","ping_status":"closed","template":"","meta":{"_monsterinsights_skip_tracking":false,"_monsterinsights_sitenote_active":false,"_monsterinsights_sitenote_note":"","_monsterinsights_sitenote_category":0,"footnotes":""},"class_list":["post-1557","page","type-page","status-publish","hentry"],"yoast_head":"<!-- This site is optimized with the Yoast SEO plugin v27.4 - https:\/\/yoast.com\/product\/yoast-seo-wordpress\/ -->\n<title>Home - Le Bois du Cazier<\/title>\n<meta name=\"robots\" content=\"index, follow, max-snippet:-1, max-image-preview:large, max-video-preview:-1\" \/>\n<link rel=\"canonical\" href=\"https:\/\/www.leboisducazier.be\/en\/\" \/>\n<meta property=\"og:locale\" content=\"en_US\" \/>\n<meta property=\"og:type\" content=\"article\" \/>\n<meta property=\"og:title\" content=\"Home - Le Bois du Cazier\" \/>\n<meta property=\"og:description\" content=\"To the south of Charleroi, at the gateway to the picturesque Entre-Sambre-et-Meuse region, the Bois du Cazier has become a place of life and meetings set against a background of industrial heritage.\" \/>\n<meta property=\"og:url\" content=\"https:\/\/www.leboisducazier.be\/en\/\" \/>\n<meta property=\"og:site_name\" content=\"Le Bois du Cazier\" \/>\n<meta property=\"article:modified_time\" content=\"2023-11-14T10:11:02+00:00\" \/>\n<meta name=\"twitter:card\" content=\"summary_large_image\" \/>\n<meta name=\"twitter:label1\" content=\"Est. reading time\" \/>\n\t<meta name=\"twitter:data1\" content=\"1 minute\" \/>\n<script type=\"application\/ld+json\" class=\"yoast-schema-graph\">{\"@context\":\"https:\\\/\\\/schema.org\",\"@graph\":[{\"@type\":\"WebPage\",\"@id\":\"https:\\\/\\\/www.leboisducazier.be\\\/en\\\/\",\"url\":\"https:\\\/\\\/www.leboisducazier.be\\\/en\\\/\",\"name\":\"Home - Le Bois du Cazier\",\"isPartOf\":{\"@id\":\"https:\\\/\\\/www.leboisducazier.be\\\/#website\"},\"datePublished\":\"2015-07-15T14:18:35+00:00\",\"dateModified\":\"2023-11-14T10:11:02+00:00\",\"breadcrumb\":{\"@id\":\"https:\\\/\\\/www.leboisducazier.be\\\/en\\\/#breadcrumb\"},\"inLanguage\":\"en-US\",\"potentialAction\":[{\"@type\":\"ReadAction\",\"target\":[\"https:\\\/\\\/www.leboisducazier.be\\\/en\\\/\"]}]},{\"@type\":\"BreadcrumbList\",\"@id\":\"https:\\\/\\\/www.leboisducazier.be\\\/en\\\/#breadcrumb\",\"itemListElement\":[{\"@type\":\"ListItem\",\"position\":1,\"name\":\"Accueil\",\"item\":\"https:\\\/\\\/www.leboisducazier.be\\\/en\\\/\"},{\"@type\":\"ListItem\",\"position\":2,\"name\":\"Home\"}]},{\"@type\":\"WebSite\",\"@id\":\"https:\\\/\\\/www.leboisducazier.be\\\/#website\",\"url\":\"https:\\\/\\\/www.leboisducazier.be\\\/\",\"name\":\"Le Bois du Cazier\",\"description\":\"La conscience d&#039;une m\u00e9moire\",\"publisher\":{\"@id\":\"https:\\\/\\\/www.leboisducazier.be\\\/#organization\"},\"potentialAction\":[{\"@type\":\"SearchAction\",\"target\":{\"@type\":\"EntryPoint\",\"urlTemplate\":\"https:\\\/\\\/www.leboisducazier.be\\\/?s={search_term_string}\"},\"query-input\":{\"@type\":\"PropertyValueSpecification\",\"valueRequired\":true,\"valueName\":\"search_term_string\"}}],\"inLanguage\":\"en-US\"},{\"@type\":\"Organization\",\"@id\":\"https:\\\/\\\/www.leboisducazier.be\\\/#organization\",\"name\":\"Le Bois du Cazier\",\"url\":\"https:\\\/\\\/www.leboisducazier.be\\\/\",\"logo\":{\"@type\":\"ImageObject\",\"inLanguage\":\"en-US\",\"@id\":\"https:\\\/\\\/www.leboisducazier.be\\\/#\\\/schema\\\/logo\\\/image\\\/\",\"url\":\"https:\\\/\\\/www.leboisducazier.be\\\/wp-content\\\/uploads\\\/2024\\\/04\\\/logo-2024-bdc-gris-orange-positif_page-0001.jpg\",\"contentUrl\":\"https:\\\/\\\/www.leboisducazier.be\\\/wp-content\\\/uploads\\\/2024\\\/04\\\/logo-2024-bdc-gris-orange-positif_page-0001.jpg\",\"width\":508,\"height\":436,\"caption\":\"Le Bois du Cazier\"},\"image\":{\"@id\":\"https:\\\/\\\/www.leboisducazier.be\\\/#\\\/schema\\\/logo\\\/image\\\/\"}}]}<\/script>\n<!-- \/ Yoast SEO plugin. -->","yoast_head_json":{"title":"Home - Le Bois du Cazier","robots":{"index":"index","follow":"follow","max-snippet":"max-snippet:-1","max-image-preview":"max-image-preview:large","max-video-preview":"max-video-preview:-1"},"canonical":"https:\/\/www.leboisducazier.be\/en\/","og_locale":"en_US","og_type":"article","og_title":"Home - Le Bois du Cazier","og_description":"To the south of Charleroi, at the gateway to the picturesque Entre-Sambre-et-Meuse region, the Bois du Cazier has become a place of life and meetings set against a background of industrial heritage.","og_url":"https:\/\/www.leboisducazier.be\/en\/","og_site_name":"Le Bois du Cazier","article_modified_time":"2023-11-14T10:11:02+00:00","twitter_card":"summary_large_image","twitter_misc":{"Est. reading time":"1 minute"},"schema":{"@context":"https:\/\/schema.org","@graph":[{"@type":"WebPage","@id":"https:\/\/www.leboisducazier.be\/en\/","url":"https:\/\/www.leboisducazier.be\/en\/","name":"Home - Le Bois du Cazier","isPartOf":{"@id":"https:\/\/www.leboisducazier.be\/#website"},"datePublished":"2015-07-15T14:18:35+00:00","dateModified":"2023-11-14T10:11:02+00:00","breadcrumb":{"@id":"https:\/\/www.leboisducazier.be\/en\/#breadcrumb"},"inLanguage":"en-US","potentialAction":[{"@type":"ReadAction","target":["https:\/\/www.leboisducazier.be\/en\/"]}]},{"@type":"BreadcrumbList","@id":"https:\/\/www.leboisducazier.be\/en\/#breadcrumb","itemListElement":[{"@type":"ListItem","position":1,"name":"Accueil","item":"https:\/\/www.leboisducazier.be\/en\/"},{"@type":"ListItem","position":2,"name":"Home"}]},{"@type":"WebSite","@id":"https:\/\/www.leboisducazier.be\/#website","url":"https:\/\/www.leboisducazier.be\/","name":"Le Bois du Cazier","description":"La conscience d&#039;une m\u00e9moire","publisher":{"@id":"https:\/\/www.leboisducazier.be\/#organization"},"potentialAction":[{"@type":"SearchAction","target":{"@type":"EntryPoint","urlTemplate":"https:\/\/www.leboisducazier.be\/?s={search_term_string}"},"query-input":{"@type":"PropertyValueSpecification","valueRequired":true,"valueName":"search_term_string"}}],"inLanguage":"en-US"},{"@type":"Organization","@id":"https:\/\/www.leboisducazier.be\/#organization","name":"Le Bois du Cazier","url":"https:\/\/www.leboisducazier.be\/","logo":{"@type":"ImageObject","inLanguage":"en-US","@id":"https:\/\/www.leboisducazier.be\/#\/schema\/logo\/image\/","url":"https:\/\/www.leboisducazier.be\/wp-content\/uploads\/2024\/04\/logo-2024-bdc-gris-orange-positif_page-0001.jpg","contentUrl":"https:\/\/www.leboisducazier.be\/wp-content\/uploads\/2024\/04\/logo-2024-bdc-gris-orange-positif_page-0001.jpg","width":508,"height":436,"caption":"Le Bois du Cazier"},"image":{"@id":"https:\/\/www.leboisducazier.be\/#\/schema\/logo\/image\/"}}]}},"amp_enabled":false,"_links":{"self":[{"href":"https:\/\/www.leboisducazier.be\/en\/wp-json\/wp\/v2\/pages\/1557","targetHints":{"allow":["GET"]}}],"collection":[{"href":"https:\/\/www.leboisducazier.be\/en\/wp-json\/wp\/v2\/pages"}],"about":[{"href":"https:\/\/www.leboisducazier.be\/en\/wp-json\/wp\/v2\/types\/page"}],"author":[{"embeddable":true,"href":"https:\/\/www.leboisducazier.be\/en\/wp-json\/wp\/v2\/users\/1"}],"replies":[{"embeddable":true,"href":"https:\/\/www.leboisducazier.be\/en\/wp-json\/wp\/v2\/comments?post=1557"}],"version-history":[{"count":0,"href":"https:\/\/www.leboisducazier.be\/en\/wp-json\/wp\/v2\/pages\/1557\/revisions"}],"wp:attachment":[{"href":"https:\/\/www.leboisducazier.be\/en\/wp-json\/wp\/v2\/media?parent=1557"}],"curies":[{"name":"wp","href":"https:\/\/api.w.org\/{rel}","templated":true}]}}