{"id":3902,"date":"2016-02-25T14:33:32","date_gmt":"2016-02-25T14:33:32","guid":{"rendered":"http:\/\/www.leboisducazier.be\/en\/credits-photographiques\/"},"modified":"2016-04-13T08:14:15","modified_gmt":"2016-04-13T08:14:15","slug":"photo-credits","status":"publish","type":"page","link":"https:\/\/www.leboisducazier.be\/en\/photo-credits\/","title":{"rendered":"Photo credits"},"content":{"rendered":"<div id=\"pl-3902\"  class=\"panel-layout\" ><div id=\"pg-3902-0\"  class=\"panel-grid panel-no-style\" ><div id=\"pgc-3902-0-0\"  class=\"panel-grid-cell\" ><div id=\"panel-3902-0-0-0\" class=\"so-panel widget widget_sow-editor panel-first-child panel-last-child\" data-index=\"0\" ><div\n\t\t\t\n\t\t\tclass=\"so-widget-sow-editor so-widget-sow-editor-base\"\n\t\t\t\n\t\t>\n<div class=\"siteorigin-widget-tinymce textwidget\">\n\t<ul class=\"corps\">\n<li>\n<p style=\"text-align: justify;\">Les \u0153uvres photographiques sont soumises \u00e0 la Loi du 1er juillet 1992 et toute autre Loi sur la propri\u00e9t\u00e9 litt\u00e9raire et artistique et sur les droits de la personne et son image.<\/p>\n<\/li>\n<li style=\"text-align: justify;\">\n<p>Attention\u00a0: vous vous engagez \u00e0 utiliser ces images exclusivement pour des \u00e9ditions destin\u00e9es \u00e0 la promotion de la ville de Paris. Les photos sont alors mises \u00e0 votre disposition \u00e0 la seule exception de l\u2019exploitation par voie d\u2019affichage et de publicit\u00e9. Toute autre utilisation est strictement interdite et sera sanctionn\u00e9e.<\/p>\n<p>Veuillez v\u00e9rifier cependant qu\u2019aucune autre contrainte particuli\u00e8re n\u2019apparaisse sur la fiche technique de chaque image (ex : droits de l\u2019architecte\u2026)<\/p>\n<\/li>\n<li>\n<p style=\"text-align: justify;\">Les \u00e9ventuels ayants droits \u00e0 contacter avant utilisation d'une image sont mentionn\u00e9s dans la page \"Zoom et infos\" accessible en cliquant sur l'image (depuis une page de r\u00e9sultat de recherche ou le panier).<\/p>\n<\/li>\n<\/ul>\n<\/div>\n<\/div><\/div><\/div><\/div><\/div>","protected":false},"excerpt":{"rendered":"<p>Les \u0153uvres photographiques sont soumises \u00e0 la Loi du 1er juillet 1992 et toute autre Loi sur la propri\u00e9t\u00e9 litt\u00e9raire et artistique et sur les droits de la personne et son image.Attention\u00a0: vous vous engagez \u00e0 utiliser ces images exclusivement pour des \u00e9ditions destin\u00e9es \u00e0 la promotion de la ville de Paris. Les photos sont alors mises \u00e0 votre disposition \u00e0 la seule exception de l\u2019exploitation par voie d\u2019affichage et de publicit\u00e9. Toute autre utilisation est strictement interdite et sera sanctionn\u00e9e.Veuillez v\u00e9rifier cependant qu\u2019aucune autre contrainte particuli\u00e8re n\u2019apparaisse sur la fiche technique de chaque image (ex : droits de l\u2019architecte\u2026)Les \u00e9ventuels ayants droits \u00e0 contacter avant utilisation d&#8217;une image sont mentionn\u00e9s dans la page &#8220;Zoom et infos&#8221; accessible en cliquant sur l&#8217;image (depuis une page de r\u00e9sultat de recherche ou le panier).<\/p>\n","protected":false},"author":1,"featured_media":0,"parent":0,"menu_order":54,"comment_status":"closed","ping_status":"closed","template":"","meta":{"_monsterinsights_skip_tracking":false,"_monsterinsights_sitenote_active":false,"_monsterinsights_sitenote_note":"","_monsterinsights_sitenote_category":0,"footnotes":""},"class_list":["post-3902","page","type-page","status-publish","hentry"],"yoast_head":"<!-- This site is optimized with the Yoast SEO plugin v27.6 - https:\/\/yoast.com\/product\/yoast-seo-wordpress\/ -->\n<title>Photo credits - Le Bois du Cazier<\/title>\n<meta name=\"robots\" content=\"index, follow, max-snippet:-1, max-image-preview:large, max-video-preview:-1\" \/>\n<link rel=\"canonical\" href=\"https:\/\/www.leboisducazier.be\/en\/photo-credits\/\" \/>\n<meta property=\"og:locale\" content=\"en_US\" \/>\n<meta property=\"og:type\" content=\"article\" \/>\n<meta property=\"og:title\" content=\"Photo credits - Le Bois du Cazier\" \/>\n<meta property=\"og:description\" content=\"Les \u0153uvres photographiques sont soumises \u00e0 la Loi du 1er juillet 1992 et toute autre Loi sur la propri\u00e9t\u00e9 litt\u00e9raire et artistique et sur les droits de la personne et son image.Attention\u00a0: vous vous engagez \u00e0 utiliser ces images exclusivement pour des \u00e9ditions destin\u00e9es \u00e0 la promotion de la ville de Paris. Les photos sont alors mises \u00e0 votre disposition \u00e0 la seule exception de l\u2019exploitation par voie d\u2019affichage et de publicit\u00e9. Toute autre utilisation est strictement interdite et sera sanctionn\u00e9e.Veuillez v\u00e9rifier cependant qu\u2019aucune autre contrainte particuli\u00e8re n\u2019apparaisse sur la fiche technique de chaque image (ex : droits de l\u2019architecte\u2026)Les \u00e9ventuels ayants droits \u00e0 contacter avant utilisation d&#039;une image sont mentionn\u00e9s dans la page &quot;Zoom et infos&quot; accessible en cliquant sur l&#039;image (depuis une page de r\u00e9sultat de recherche ou le panier).\" \/>\n<meta property=\"og:url\" content=\"https:\/\/www.leboisducazier.be\/en\/photo-credits\/\" \/>\n<meta property=\"og:site_name\" content=\"Le Bois du Cazier\" \/>\n<meta property=\"article:modified_time\" content=\"2016-04-13T08:14:15+00:00\" \/>\n<meta name=\"twitter:card\" content=\"summary_large_image\" \/>\n<script type=\"application\/ld+json\" class=\"yoast-schema-graph\">{\"@context\":\"https:\\\/\\\/schema.org\",\"@graph\":[{\"@type\":\"WebPage\",\"@id\":\"https:\\\/\\\/www.leboisducazier.be\\\/en\\\/photo-credits\\\/\",\"url\":\"https:\\\/\\\/www.leboisducazier.be\\\/en\\\/photo-credits\\\/\",\"name\":\"Photo credits - Le Bois du Cazier\",\"isPartOf\":{\"@id\":\"https:\\\/\\\/www.leboisducazier.be\\\/#website\"},\"datePublished\":\"2016-02-25T14:33:32+00:00\",\"dateModified\":\"2016-04-13T08:14:15+00:00\",\"breadcrumb\":{\"@id\":\"https:\\\/\\\/www.leboisducazier.be\\\/en\\\/photo-credits\\\/#breadcrumb\"},\"inLanguage\":\"en-US\",\"potentialAction\":[{\"@type\":\"ReadAction\",\"target\":[\"https:\\\/\\\/www.leboisducazier.be\\\/en\\\/photo-credits\\\/\"]}]},{\"@type\":\"BreadcrumbList\",\"@id\":\"https:\\\/\\\/www.leboisducazier.be\\\/en\\\/photo-credits\\\/#breadcrumb\",\"itemListElement\":[{\"@type\":\"ListItem\",\"position\":1,\"name\":\"Accueil\",\"item\":\"https:\\\/\\\/www.leboisducazier.be\\\/en\\\/\"},{\"@type\":\"ListItem\",\"position\":2,\"name\":\"Photo credits\"}]},{\"@type\":\"WebSite\",\"@id\":\"https:\\\/\\\/www.leboisducazier.be\\\/#website\",\"url\":\"https:\\\/\\\/www.leboisducazier.be\\\/\",\"name\":\"Le Bois du Cazier\",\"description\":\"La conscience d&#039;une m\u00e9moire\",\"publisher\":{\"@id\":\"https:\\\/\\\/www.leboisducazier.be\\\/#organization\"},\"potentialAction\":[{\"@type\":\"SearchAction\",\"target\":{\"@type\":\"EntryPoint\",\"urlTemplate\":\"https:\\\/\\\/www.leboisducazier.be\\\/?s={search_term_string}\"},\"query-input\":{\"@type\":\"PropertyValueSpecification\",\"valueRequired\":true,\"valueName\":\"search_term_string\"}}],\"inLanguage\":\"en-US\"},{\"@type\":\"Organization\",\"@id\":\"https:\\\/\\\/www.leboisducazier.be\\\/#organization\",\"name\":\"Le Bois du Cazier\",\"url\":\"https:\\\/\\\/www.leboisducazier.be\\\/\",\"logo\":{\"@type\":\"ImageObject\",\"inLanguage\":\"en-US\",\"@id\":\"https:\\\/\\\/www.leboisducazier.be\\\/#\\\/schema\\\/logo\\\/image\\\/\",\"url\":\"https:\\\/\\\/www.leboisducazier.be\\\/wp-content\\\/uploads\\\/2024\\\/04\\\/logo-2024-bdc-gris-orange-positif_page-0001.jpg\",\"contentUrl\":\"https:\\\/\\\/www.leboisducazier.be\\\/wp-content\\\/uploads\\\/2024\\\/04\\\/logo-2024-bdc-gris-orange-positif_page-0001.jpg\",\"width\":508,\"height\":436,\"caption\":\"Le Bois du Cazier\"},\"image\":{\"@id\":\"https:\\\/\\\/www.leboisducazier.be\\\/#\\\/schema\\\/logo\\\/image\\\/\"}}]}<\/script>\n<!-- \/ Yoast SEO plugin. -->","yoast_head_json":{"title":"Photo credits - Le Bois du Cazier","robots":{"index":"index","follow":"follow","max-snippet":"max-snippet:-1","max-image-preview":"max-image-preview:large","max-video-preview":"max-video-preview:-1"},"canonical":"https:\/\/www.leboisducazier.be\/en\/photo-credits\/","og_locale":"en_US","og_type":"article","og_title":"Photo credits - Le Bois du Cazier","og_description":"Les \u0153uvres photographiques sont soumises \u00e0 la Loi du 1er juillet 1992 et toute autre Loi sur la propri\u00e9t\u00e9 litt\u00e9raire et artistique et sur les droits de la personne et son image.Attention\u00a0: vous vous engagez \u00e0 utiliser ces images exclusivement pour des \u00e9ditions destin\u00e9es \u00e0 la promotion de la ville de Paris. Les photos sont alors mises \u00e0 votre disposition \u00e0 la seule exception de l\u2019exploitation par voie d\u2019affichage et de publicit\u00e9. Toute autre utilisation est strictement interdite et sera sanctionn\u00e9e.Veuillez v\u00e9rifier cependant qu\u2019aucune autre contrainte particuli\u00e8re n\u2019apparaisse sur la fiche technique de chaque image (ex : droits de l\u2019architecte\u2026)Les \u00e9ventuels ayants droits \u00e0 contacter avant utilisation d'une image sont mentionn\u00e9s dans la page \"Zoom et infos\" accessible en cliquant sur l'image (depuis une page de r\u00e9sultat de recherche ou le panier).","og_url":"https:\/\/www.leboisducazier.be\/en\/photo-credits\/","og_site_name":"Le Bois du Cazier","article_modified_time":"2016-04-13T08:14:15+00:00","twitter_card":"summary_large_image","schema":{"@context":"https:\/\/schema.org","@graph":[{"@type":"WebPage","@id":"https:\/\/www.leboisducazier.be\/en\/photo-credits\/","url":"https:\/\/www.leboisducazier.be\/en\/photo-credits\/","name":"Photo credits - Le Bois du Cazier","isPartOf":{"@id":"https:\/\/www.leboisducazier.be\/#website"},"datePublished":"2016-02-25T14:33:32+00:00","dateModified":"2016-04-13T08:14:15+00:00","breadcrumb":{"@id":"https:\/\/www.leboisducazier.be\/en\/photo-credits\/#breadcrumb"},"inLanguage":"en-US","potentialAction":[{"@type":"ReadAction","target":["https:\/\/www.leboisducazier.be\/en\/photo-credits\/"]}]},{"@type":"BreadcrumbList","@id":"https:\/\/www.leboisducazier.be\/en\/photo-credits\/#breadcrumb","itemListElement":[{"@type":"ListItem","position":1,"name":"Accueil","item":"https:\/\/www.leboisducazier.be\/en\/"},{"@type":"ListItem","position":2,"name":"Photo credits"}]},{"@type":"WebSite","@id":"https:\/\/www.leboisducazier.be\/#website","url":"https:\/\/www.leboisducazier.be\/","name":"Le Bois du Cazier","description":"La conscience d&#039;une m\u00e9moire","publisher":{"@id":"https:\/\/www.leboisducazier.be\/#organization"},"potentialAction":[{"@type":"SearchAction","target":{"@type":"EntryPoint","urlTemplate":"https:\/\/www.leboisducazier.be\/?s={search_term_string}"},"query-input":{"@type":"PropertyValueSpecification","valueRequired":true,"valueName":"search_term_string"}}],"inLanguage":"en-US"},{"@type":"Organization","@id":"https:\/\/www.leboisducazier.be\/#organization","name":"Le Bois du Cazier","url":"https:\/\/www.leboisducazier.be\/","logo":{"@type":"ImageObject","inLanguage":"en-US","@id":"https:\/\/www.leboisducazier.be\/#\/schema\/logo\/image\/","url":"https:\/\/www.leboisducazier.be\/wp-content\/uploads\/2024\/04\/logo-2024-bdc-gris-orange-positif_page-0001.jpg","contentUrl":"https:\/\/www.leboisducazier.be\/wp-content\/uploads\/2024\/04\/logo-2024-bdc-gris-orange-positif_page-0001.jpg","width":508,"height":436,"caption":"Le Bois du Cazier"},"image":{"@id":"https:\/\/www.leboisducazier.be\/#\/schema\/logo\/image\/"}}]}},"amp_enabled":true,"_links":{"self":[{"href":"https:\/\/www.leboisducazier.be\/en\/wp-json\/wp\/v2\/pages\/3902","targetHints":{"allow":["GET"]}}],"collection":[{"href":"https:\/\/www.leboisducazier.be\/en\/wp-json\/wp\/v2\/pages"}],"about":[{"href":"https:\/\/www.leboisducazier.be\/en\/wp-json\/wp\/v2\/types\/page"}],"author":[{"embeddable":true,"href":"https:\/\/www.leboisducazier.be\/en\/wp-json\/wp\/v2\/users\/1"}],"replies":[{"embeddable":true,"href":"https:\/\/www.leboisducazier.be\/en\/wp-json\/wp\/v2\/comments?post=3902"}],"version-history":[{"count":0,"href":"https:\/\/www.leboisducazier.be\/en\/wp-json\/wp\/v2\/pages\/3902\/revisions"}],"wp:attachment":[{"href":"https:\/\/www.leboisducazier.be\/en\/wp-json\/wp\/v2\/media?parent=3902"}],"curies":[{"name":"wp","href":"https:\/\/api.w.org\/{rel}","templated":true}]}}