{"id":1561,"date":"2015-07-15T14:18:35","date_gmt":"2015-07-15T14:18:35","guid":{"rendered":"http:\/\/www.leboisducazier.be\/home\/?lang=it"},"modified":"2021-04-26T09:22:04","modified_gmt":"2021-04-26T09:22:04","slug":"home-2","status":"publish","type":"page","link":"https:\/\/www.leboisducazier.be\/it\/","title":{"rendered":"Home"},"content":{"rendered":"<div id=\"pl-1561\"  class=\"panel-layout\" ><div id=\"pg-1561-0\"  class=\"panel-grid panel-no-style\" ><div id=\"pgc-1561-0-0\"  class=\"panel-grid-cell\" ><\/div><\/div><div id=\"pg-1561-1\"  class=\"panel-grid panel-no-style\" ><div id=\"pgc-1561-1-0\"  class=\"panel-grid-cell\" ><div id=\"panel-1561-1-0-0\" class=\"so-panel widget widget_black-studio-tinymce widget_black_studio_tinymce panel-first-child panel-last-child\" data-index=\"1\" ><h3 class=\"widget-title\">Bois du Cazier<\/h3><div class=\"textwidget\"><p>A sud di Charleroi, il Bois du Cazier \u00e8 un luogo culturale inevitabile su sfondo di patrimonio industriale.<\/p>\n<\/div><\/div><\/div><div id=\"pgc-1561-1-1\"  class=\"panel-grid-cell\" ><div id=\"panel-1561-1-1-0\" class=\"so-panel widget widget_spacer-widget panel-first-child\" data-index=\"2\" ><div\n\t\t\t\n\t\t\tclass=\"so-widget-spacer-widget so-widget-spacer-widget-base\"\n\t\t\t\n\t\t>\n<div class=\"clearfix\" style=\"height:5px\"><\/div><\/div><\/div><div id=\"panel-1561-1-1-1\" class=\"so-panel widget widget_counter-widget\" data-index=\"3\" ><div\n\t\t\t\n\t\t\tclass=\"so-widget-counter-widget so-widget-counter-widget-base\"\n\t\t\t\n\t\t>\n<div class=\"countdown\">\n<div class=\"fact-ico\">\n<span class=\"sow-icon-fontawesome sow-fas\" data-sow-icon=\"&#xf0c0;\"\n\t\tstyle=\"font-size: 70px; color: #848388\" \n\t\taria-hidden=\"true\"><\/span> <\/div>\n<div class=\"clearfix\"><\/div>\n<div class=\"timer\" data-perc=\"60000\"> <span class=\"count\" style=\"color:#848388\">60000<\/span> <\/div>\n<div class=\"clearfix\"><\/div>\n<span class=\"fact\" style=\"color:#848388\">visitatori nel 2018<\/span>\n<\/div><\/div><\/div><div id=\"panel-1561-1-1-2\" class=\"so-panel widget widget_spacer-widget panel-last-child\" data-index=\"4\" ><div\n\t\t\t\n\t\t\tclass=\"so-widget-spacer-widget so-widget-spacer-widget-base\"\n\t\t\t\n\t\t>\n<div class=\"clearfix\" style=\"height:15px\"><\/div><\/div><\/div><\/div><div id=\"pgc-1561-1-2\"  class=\"panel-grid-cell\" ><div id=\"panel-1561-1-2-0\" class=\"so-panel widget widget_spacer-widget panel-first-child\" data-index=\"5\" ><div\n\t\t\t\n\t\t\tclass=\"so-widget-spacer-widget so-widget-spacer-widget-base\"\n\t\t\t\n\t\t>\n<div class=\"clearfix\" style=\"height:5px\"><\/div><\/div><\/div><div id=\"panel-1561-1-2-1\" class=\"so-panel widget widget_counter-widget\" data-index=\"6\" ><div\n\t\t\t\n\t\t\tclass=\"so-widget-counter-widget so-widget-counter-widget-base\"\n\t\t\t\n\t\t>\n<div class=\"countdown\">\n<div class=\"fact-ico\">\n <\/div>\n<div class=\"clearfix\"><\/div>\n<div class=\"timer\" data-perc=\"2012\"> <span class=\"count\" style=\"color:#848388\">2012<\/span> <\/div>\n<div class=\"clearfix\"><\/div>\n<span class=\"fact\" style=\"color:#848388\"> Classificato dall\u2019Unesco<\/span>\n<\/div><\/div><\/div><div id=\"panel-1561-1-2-2\" class=\"so-panel widget widget_spacer-widget panel-last-child\" data-index=\"7\" ><div\n\t\t\t\n\t\t\tclass=\"so-widget-spacer-widget so-widget-spacer-widget-base\"\n\t\t\t\n\t\t>\n<div class=\"clearfix\" style=\"height:15px\"><\/div><\/div><\/div><\/div><div id=\"pgc-1561-1-3\"  class=\"panel-grid-cell\" ><div id=\"panel-1561-1-3-0\" class=\"so-panel widget widget_spacer-widget panel-first-child\" data-index=\"8\" ><div\n\t\t\t\n\t\t\tclass=\"so-widget-spacer-widget so-widget-spacer-widget-base\"\n\t\t\t\n\t\t>\n<div class=\"clearfix\" style=\"height:5px\"><\/div><\/div><\/div><div id=\"panel-1561-1-3-1\" class=\"so-panel widget widget_counter-widget\" data-index=\"9\" ><div\n\t\t\t\n\t\t\tclass=\"so-widget-counter-widget so-widget-counter-widget-base\"\n\t\t\t\n\t\t>\n<div class=\"countdown\">\n<div class=\"fact-ico\">\n<span class=\"sow-icon-fontawesome sow-fas\" data-sow-icon=\"&#xf06c;\"\n\t\tstyle=\"font-size: 70px; color: #848388\" \n\t\taria-hidden=\"true\"><\/span> <\/div>\n<div class=\"clearfix\"><\/div>\n<div class=\"timer\" data-perc=\"25\"> <span class=\"count\" style=\"color:#848388\">25<\/span> <\/div>\n<div class=\"clearfix\"><\/div>\n<span class=\"fact\" style=\"color:#848388\">Un demanio boscoso di 25 ettari <\/span>\n<\/div><\/div><\/div><div id=\"panel-1561-1-3-2\" class=\"so-panel widget widget_spacer-widget panel-last-child\" data-index=\"10\" ><div\n\t\t\t\n\t\t\tclass=\"so-widget-spacer-widget so-widget-spacer-widget-base\"\n\t\t\t\n\t\t>\n<div class=\"clearfix\" style=\"height:15px\"><\/div><\/div><\/div><\/div><div id=\"pgc-1561-1-4\"  class=\"panel-grid-cell\" ><div id=\"panel-1561-1-4-0\" class=\"so-panel widget widget_sow-image panel-first-child\" data-index=\"11\" ><div\n\t\t\t\n\t\t\tclass=\"so-widget-sow-image so-widget-sow-image-default-8b5b6f678277-1561\"\n\t\t\t\n\t\t>\n<div class=\"sow-image-container\">\n\t\t\t<a href=\"https:\/\/www.tripadvisor.com\/Attraction_Review-g188646-d3140962-Reviews-Le_Bois_du_Cazier-Charleroi_Hainaut_Province_Wallonia.html\"\n\t\t\t\t\t>\n\t\t\t<img \n\tsrc=\"https:\/\/www.leboisducazier.be\/wp-content\/uploads\/2015\/07\/click.e3.tripadvisor.com_.jpg\" width=\"283\" height=\"286\" sizes=\"(max-width: 283px) 100vw, 283px\" title=\"click.e3.tripadvisor.com\" alt=\"\" \t\tclass=\"so-widget-image\"\/>\n\t\t\t<\/a><\/div>\n\n<\/div><\/div><div id=\"panel-1561-1-4-1\" class=\"so-panel widget widget_sow-image\" data-index=\"12\" ><div\n\t\t\t\n\t\t\tclass=\"so-widget-sow-image so-widget-sow-image-default-8b5b6f678277-1561\"\n\t\t\t\n\t\t>\n<div class=\"sow-image-container\">\n\t\t\t<a href=\"https:\/\/www.tripadvisor.com\/Attraction_Review-g188646-d3140962-Reviews-Le_Bois_du_Cazier-Charleroi_Hainaut_Province_Wallonia.html\"\n\t\t\t\t\t>\n\t\t\t<img \n\tsrc=\"https:\/\/www.leboisducazier.be\/wp-content\/uploads\/2015\/07\/wdq-1.jpg\" width=\"283\" height=\"286\" sizes=\"(max-width: 283px) 100vw, 283px\" title=\"wdq\" alt=\"\" \t\tclass=\"so-widget-image\"\/>\n\t\t\t<\/a><\/div>\n\n<\/div><\/div><div id=\"panel-1561-1-4-2\" class=\"so-panel widget widget_spacer-widget panel-last-child\" data-index=\"13\" ><div\n\t\t\t\n\t\t\tclass=\"so-widget-spacer-widget so-widget-spacer-widget-base\"\n\t\t\t\n\t\t>\n<div class=\"clearfix\" style=\"height:15px\"><\/div><\/div><\/div><\/div><\/div><div id=\"pg-1561-2\"  class=\"panel-grid panel-has-style\" ><div class=\"siteorigin-panels-stretch panel-row-style panel-row-style-for-1561-2\" data-stretch-type=\"full-stretched\" ><div id=\"pgc-1561-2-0\"  class=\"panel-grid-cell\" ><div id=\"panel-1561-2-0-0\" class=\"so-panel widget widget_skewed-title-widget panel-first-child panel-last-child\" data-index=\"14\" ><div\n\t\t\t\n\t\t\tclass=\"so-widget-skewed-title-widget so-widget-skewed-title-widget-base\"\n\t\t\t\n\t\t><div class=\"skewed-title-bar\">\n    <div class=\"container\">\n        <h4 style=\"background:#e8e8e8; color:#848388;\">\n            <span>Nostri musei<\/span>\n        <\/h4>\n    <\/div>\n<\/div><\/div><\/div><\/div><\/div><\/div><div id=\"pg-1561-3\"  class=\"panel-grid panel-has-style\" ><div class=\"siteorigin-panels-stretch panel-row-style panel-row-style-for-1561-3\" data-stretch-type=\"full\" ><div id=\"pgc-1561-3-0\"  class=\"panel-grid-cell\" ><div id=\"panel-1561-3-0-0\" class=\"so-panel widget widget_spacer-widget panel-first-child\" data-index=\"15\" ><div\n\t\t\t\n\t\t\tclass=\"so-widget-spacer-widget so-widget-spacer-widget-base\"\n\t\t\t\n\t\t>\n<div class=\"clearfix\" style=\"height:60px\"><\/div><\/div><\/div><div id=\"panel-1561-3-0-1\" class=\"so-panel widget widget_venues-widget\" data-index=\"16\" ><div\n\t\t\t\n\t\t\tclass=\"so-widget-venues-widget so-widget-venues-widget-base\"\n\t\t\t\n\t\t><div class=\"carousel-wrapper venues-grid\">\n        <ul class=\"owl-carousel carousel-fw\" data-columns=\"3\" data-autoplay=\"\" data-pagination=\"no\" data-arrows=\"yes\" data-single-item=\"no\" data-items-desktop=\"3\" data-items-desktop-small=\"2\" data-items-tablet=\"2\" data-items-mobile=\"1\"  data-rtl=\"ltr\" >\n\t\t<\/ul>\n\t<\/div>\n<\/div><\/div><div id=\"panel-1561-3-0-2\" class=\"so-panel widget widget_spacer-widget panel-last-child\" data-index=\"17\" ><div\n\t\t\t\n\t\t\tclass=\"so-widget-spacer-widget so-widget-spacer-widget-base\"\n\t\t\t\n\t\t>\n<div class=\"clearfix\" style=\"height:20px\"><\/div><\/div><\/div><\/div><\/div><\/div><div id=\"pg-1561-4\"  class=\"panel-grid panel-has-style\" ><div class=\"accent-bg siteorigin-panels-stretch panel-row-style panel-row-style-for-1561-4\" data-stretch-type=\"full\" ><div id=\"pgc-1561-4-0\"  class=\"panel-grid-cell\" ><div id=\"panel-1561-4-0-0\" class=\"so-panel widget widget_spacer-widget panel-first-child\" data-index=\"18\" ><div\n\t\t\t\n\t\t\tclass=\"so-widget-spacer-widget so-widget-spacer-widget-base\"\n\t\t\t\n\t\t>\n<div class=\"clearfix\" style=\"height:30px\"><\/div><\/div><\/div><div id=\"panel-1561-4-0-1\" class=\"so-panel widget widget_testimonials-widget\" data-index=\"19\" ><div\n\t\t\t\n\t\t\tclass=\"so-widget-testimonials-widget so-widget-testimonials-widget-base\"\n\t\t\t\n\t\t><div class=\"text-align-\"><h3 class=\"widget-title\" style=\"color:#ffffff\">Ci\u00f2 che i nostri visitatori dicono<\/h3><\/div>\n\n<div class=\"carousel-wrapper\">\n        <ul class=\"owl-carousel carousel-fw\" id=\"testimonials-slider\" data-columns=\"3\" data-autoplay=\"\" data-pagination=\"no\" data-arrows=\"yes\" data-single-item=\"no\" data-items-desktop=\"3\" data-items-desktop-small=\"2\" data-items-tablet=\"2\" data-items-mobile=\"1\"  data-rtl=\"ltr\" >\n\n\n\t\t\t            <li class=\"item\">\n                  <blockquote>\n                      <div class=\"quote\">\n<p id=\"HEADING\" class=\"title\"><span style=\"font-family: Georgia, Palatino;\">Un des lieux les plus int\u00e9ressants de Charleroi.<\/span><\/p>\n<\/div>\n<div class=\"prw_rup prw_reviews_resp_sur_review_text_expanded\" data-prwidget-name=\"reviews_resp_sur_review_text_expanded\" data-prwidget-init=\"handlers\">\n<div class=\"entry\">\n<p class=\"partial_entry\"><span class=\"fullText \" style=\"font-family: Georgia, Palatino;\">Un vaste espace de mus\u00e9es sur un ancien site minier tr\u00e8s bien r\u00e9alis\u00e9 avec modernisme et go\u00fbt. Des balades possibles sur les anciens terrils. Bref, de quoi passer une apr\u00e8s midi agr\u00e9able et culturelle.<\/span><\/p>\n<\/div>\n<\/div>\n                      <cite>Tardy T<\/cite>\n                  <\/blockquote>\n              <\/li>\n        \n\t\t            <li class=\"item\">\n                  <blockquote>\n                      <p><span style=\"font-family: Georgia, Palatino;\">A voir absolument !<\/span><br \/>\n<span style=\"font-family: Georgia, Palatino;\">La charg\u00e9e de projet Christelle vous explique toutes les diff\u00e9rentes fa\u00e7ons de d\u00e9couvrir le lieu. Possibilit\u00e9 d&#8217;y passer la journ\u00e9e vu toutes les activit\u00e9s propos\u00e9es sur place.<\/span><\/p>\n                      <cite>St\u00e9phanie B<\/cite>\n                  <\/blockquote>\n              <\/li>\n        \n\t\t            <li class=\"item\">\n                  <blockquote>\n                      <p><span class=\"_r8r\" style=\"font-family: Georgia, Palatino;\">Lieu de souvenir esth\u00e9tique et instructif. L&#8217;allure d&#8217;antan se ressent encore mais les traces charbonneuses sont presque effac\u00e9es.<\/span><\/p>\n                      <cite>Damien C.<\/cite>\n                  <\/blockquote>\n              <\/li>\n        \n\t\t            <li class=\"item\">\n                  <blockquote>\n                      <p><span style=\"font-family: Georgia, Palatino;\">Da visitare assolutamente. Vale il viaggio.<\/span><\/p>\n                      <cite>Chiara Plazzi<\/cite>\n                  <\/blockquote>\n              <\/li>\n        \n\t\t\n\t\t<\/ul>\n\t<\/div>\n<\/div><\/div><div id=\"panel-1561-4-0-2\" class=\"so-panel widget widget_spacer-widget panel-last-child\" data-index=\"20\" ><div\n\t\t\t\n\t\t\tclass=\"so-widget-spacer-widget so-widget-spacer-widget-base\"\n\t\t\t\n\t\t>\n<div class=\"clearfix\" style=\"height:30px\"><\/div><\/div><\/div><\/div><\/div><\/div><\/div>","protected":false},"excerpt":{"rendered":"<p>A sud di Charleroi, il Bois du Cazier \u00e8 un luogo culturale inevitabile su sfondo di patrimonio industriale.<\/p>\n","protected":false},"author":1,"featured_media":0,"parent":0,"menu_order":114,"comment_status":"closed","ping_status":"closed","template":"","meta":{"_monsterinsights_skip_tracking":false,"_monsterinsights_sitenote_active":false,"_monsterinsights_sitenote_note":"","_monsterinsights_sitenote_category":0,"footnotes":""},"class_list":["post-1561","page","type-page","status-publish","hentry"],"yoast_head":"<!-- This site is optimized with the Yoast SEO plugin v27.3 - https:\/\/yoast.com\/product\/yoast-seo-wordpress\/ -->\n<title>Home - Le Bois du Cazier<\/title>\n<meta name=\"robots\" content=\"index, follow, max-snippet:-1, max-image-preview:large, max-video-preview:-1\" \/>\n<link rel=\"canonical\" href=\"https:\/\/www.leboisducazier.be\/it\/\" \/>\n<meta property=\"og:locale\" content=\"it_IT\" \/>\n<meta property=\"og:type\" content=\"article\" \/>\n<meta property=\"og:title\" content=\"Home - Le Bois du Cazier\" \/>\n<meta property=\"og:description\" content=\"A sud di Charleroi, il Bois du Cazier \u00e8 un luogo culturale inevitabile su sfondo di patrimonio industriale.\" \/>\n<meta property=\"og:url\" content=\"https:\/\/www.leboisducazier.be\/it\/\" \/>\n<meta property=\"og:site_name\" content=\"Le Bois du Cazier\" \/>\n<meta property=\"article:modified_time\" content=\"2021-04-26T09:22:04+00:00\" \/>\n<meta name=\"twitter:card\" content=\"summary_large_image\" \/>\n<meta name=\"twitter:label1\" content=\"Est. reading time\" \/>\n\t<meta name=\"twitter:data1\" content=\"1 minute\" \/>\n<script type=\"application\/ld+json\" class=\"yoast-schema-graph\">{\"@context\":\"https:\\\/\\\/schema.org\",\"@graph\":[{\"@type\":\"WebPage\",\"@id\":\"https:\\\/\\\/www.leboisducazier.be\\\/it\\\/\",\"url\":\"https:\\\/\\\/www.leboisducazier.be\\\/it\\\/\",\"name\":\"Home - Le Bois du Cazier\",\"isPartOf\":{\"@id\":\"https:\\\/\\\/www.leboisducazier.be\\\/#website\"},\"datePublished\":\"2015-07-15T14:18:35+00:00\",\"dateModified\":\"2021-04-26T09:22:04+00:00\",\"breadcrumb\":{\"@id\":\"https:\\\/\\\/www.leboisducazier.be\\\/it\\\/#breadcrumb\"},\"inLanguage\":\"it-IT\",\"potentialAction\":[{\"@type\":\"ReadAction\",\"target\":[\"https:\\\/\\\/www.leboisducazier.be\\\/it\\\/\"]}]},{\"@type\":\"BreadcrumbList\",\"@id\":\"https:\\\/\\\/www.leboisducazier.be\\\/it\\\/#breadcrumb\",\"itemListElement\":[{\"@type\":\"ListItem\",\"position\":1,\"name\":\"Accueil\",\"item\":\"https:\\\/\\\/www.leboisducazier.be\\\/it\\\/\"},{\"@type\":\"ListItem\",\"position\":2,\"name\":\"Home\"}]},{\"@type\":\"WebSite\",\"@id\":\"https:\\\/\\\/www.leboisducazier.be\\\/#website\",\"url\":\"https:\\\/\\\/www.leboisducazier.be\\\/\",\"name\":\"Le Bois du Cazier\",\"description\":\"La conscience d&#039;une m\u00e9moire\",\"publisher\":{\"@id\":\"https:\\\/\\\/www.leboisducazier.be\\\/#organization\"},\"potentialAction\":[{\"@type\":\"SearchAction\",\"target\":{\"@type\":\"EntryPoint\",\"urlTemplate\":\"https:\\\/\\\/www.leboisducazier.be\\\/?s={search_term_string}\"},\"query-input\":{\"@type\":\"PropertyValueSpecification\",\"valueRequired\":true,\"valueName\":\"search_term_string\"}}],\"inLanguage\":\"it-IT\"},{\"@type\":\"Organization\",\"@id\":\"https:\\\/\\\/www.leboisducazier.be\\\/#organization\",\"name\":\"Le Bois du Cazier\",\"url\":\"https:\\\/\\\/www.leboisducazier.be\\\/\",\"logo\":{\"@type\":\"ImageObject\",\"inLanguage\":\"it-IT\",\"@id\":\"https:\\\/\\\/www.leboisducazier.be\\\/#\\\/schema\\\/logo\\\/image\\\/\",\"url\":\"https:\\\/\\\/www.leboisducazier.be\\\/wp-content\\\/uploads\\\/2024\\\/04\\\/logo-2024-bdc-gris-orange-positif_page-0001.jpg\",\"contentUrl\":\"https:\\\/\\\/www.leboisducazier.be\\\/wp-content\\\/uploads\\\/2024\\\/04\\\/logo-2024-bdc-gris-orange-positif_page-0001.jpg\",\"width\":508,\"height\":436,\"caption\":\"Le Bois du Cazier\"},\"image\":{\"@id\":\"https:\\\/\\\/www.leboisducazier.be\\\/#\\\/schema\\\/logo\\\/image\\\/\"}}]}<\/script>\n<!-- \/ Yoast SEO plugin. -->","yoast_head_json":{"title":"Home - Le Bois du Cazier","robots":{"index":"index","follow":"follow","max-snippet":"max-snippet:-1","max-image-preview":"max-image-preview:large","max-video-preview":"max-video-preview:-1"},"canonical":"https:\/\/www.leboisducazier.be\/it\/","og_locale":"it_IT","og_type":"article","og_title":"Home - Le Bois du Cazier","og_description":"A sud di Charleroi, il Bois du Cazier \u00e8 un luogo culturale inevitabile su sfondo di patrimonio industriale.","og_url":"https:\/\/www.leboisducazier.be\/it\/","og_site_name":"Le Bois du Cazier","article_modified_time":"2021-04-26T09:22:04+00:00","twitter_card":"summary_large_image","twitter_misc":{"Est. reading time":"1 minute"},"schema":{"@context":"https:\/\/schema.org","@graph":[{"@type":"WebPage","@id":"https:\/\/www.leboisducazier.be\/it\/","url":"https:\/\/www.leboisducazier.be\/it\/","name":"Home - Le Bois du Cazier","isPartOf":{"@id":"https:\/\/www.leboisducazier.be\/#website"},"datePublished":"2015-07-15T14:18:35+00:00","dateModified":"2021-04-26T09:22:04+00:00","breadcrumb":{"@id":"https:\/\/www.leboisducazier.be\/it\/#breadcrumb"},"inLanguage":"it-IT","potentialAction":[{"@type":"ReadAction","target":["https:\/\/www.leboisducazier.be\/it\/"]}]},{"@type":"BreadcrumbList","@id":"https:\/\/www.leboisducazier.be\/it\/#breadcrumb","itemListElement":[{"@type":"ListItem","position":1,"name":"Accueil","item":"https:\/\/www.leboisducazier.be\/it\/"},{"@type":"ListItem","position":2,"name":"Home"}]},{"@type":"WebSite","@id":"https:\/\/www.leboisducazier.be\/#website","url":"https:\/\/www.leboisducazier.be\/","name":"Le Bois du Cazier","description":"La conscience d&#039;une m\u00e9moire","publisher":{"@id":"https:\/\/www.leboisducazier.be\/#organization"},"potentialAction":[{"@type":"SearchAction","target":{"@type":"EntryPoint","urlTemplate":"https:\/\/www.leboisducazier.be\/?s={search_term_string}"},"query-input":{"@type":"PropertyValueSpecification","valueRequired":true,"valueName":"search_term_string"}}],"inLanguage":"it-IT"},{"@type":"Organization","@id":"https:\/\/www.leboisducazier.be\/#organization","name":"Le Bois du Cazier","url":"https:\/\/www.leboisducazier.be\/","logo":{"@type":"ImageObject","inLanguage":"it-IT","@id":"https:\/\/www.leboisducazier.be\/#\/schema\/logo\/image\/","url":"https:\/\/www.leboisducazier.be\/wp-content\/uploads\/2024\/04\/logo-2024-bdc-gris-orange-positif_page-0001.jpg","contentUrl":"https:\/\/www.leboisducazier.be\/wp-content\/uploads\/2024\/04\/logo-2024-bdc-gris-orange-positif_page-0001.jpg","width":508,"height":436,"caption":"Le Bois du Cazier"},"image":{"@id":"https:\/\/www.leboisducazier.be\/#\/schema\/logo\/image\/"}}]}},"amp_enabled":false,"_links":{"self":[{"href":"https:\/\/www.leboisducazier.be\/it\/wp-json\/wp\/v2\/pages\/1561","targetHints":{"allow":["GET"]}}],"collection":[{"href":"https:\/\/www.leboisducazier.be\/it\/wp-json\/wp\/v2\/pages"}],"about":[{"href":"https:\/\/www.leboisducazier.be\/it\/wp-json\/wp\/v2\/types\/page"}],"author":[{"embeddable":true,"href":"https:\/\/www.leboisducazier.be\/it\/wp-json\/wp\/v2\/users\/1"}],"replies":[{"embeddable":true,"href":"https:\/\/www.leboisducazier.be\/it\/wp-json\/wp\/v2\/comments?post=1561"}],"version-history":[{"count":0,"href":"https:\/\/www.leboisducazier.be\/it\/wp-json\/wp\/v2\/pages\/1561\/revisions"}],"wp:attachment":[{"href":"https:\/\/www.leboisducazier.be\/it\/wp-json\/wp\/v2\/media?parent=1561"}],"curies":[{"name":"wp","href":"https:\/\/api.w.org\/{rel}","templated":true}]}}