{"id":3956,"date":"2016-02-22T15:05:39","date_gmt":"2016-02-22T15:05:39","guid":{"rendered":"http:\/\/www.leboisducazier.be\/it\/horaires-tarifs\/"},"modified":"2025-03-21T08:44:48","modified_gmt":"2025-03-21T08:44:48","slug":"orari-ingresso-2","status":"publish","type":"page","link":"https:\/\/www.leboisducazier.be\/it\/orari-ingresso-2\/","title":{"rendered":"Orari e Ingresso"},"content":{"rendered":"<div id=\"pl-3956\"  class=\"panel-layout\" ><div id=\"pg-3956-0\"  class=\"panel-grid panel-no-style\" ><div id=\"pgc-3956-0-0\"  class=\"panel-grid-cell\" ><div id=\"panel-3956-0-0-0\" class=\"so-panel widget widget_sow-editor panel-first-child panel-last-child\" data-index=\"0\" ><div\n\t\t\t\n\t\t\tclass=\"so-widget-sow-editor so-widget-sow-editor-base\"\n\t\t\t\n\t\t><h3 class=\"widget-title\">Ingresso<\/h3>\n<div class=\"siteorigin-widget-tinymce textwidget\">\n\t<table class=\"table table-striped\">\n<thead>\n<tr>\n<th><strong>INDIVIDUALI<\/strong><\/th>\n<th><\/th>\n<\/tr>\n<\/thead>\n<tbody>\n<tr>\n<td>Adulti<\/td>\n<td>9 \u20ac<\/td>\n<\/tr>\n<tr>\n<td>Senior<\/td>\n<td>8 \u20ac<\/td>\n<\/tr>\n<tr>\n<td>Ragazzi (-18 anni e studenti)<\/td>\n<td>5 \u20ac<\/td>\n<\/tr>\n<tr>\n<td>Bambini (- 6 anni)<\/td>\n<td>Gratuito<\/td>\n<\/tr>\n<\/tbody>\n<thead>\n<tr>\n<th><strong>GRUPPI<\/strong><\/th>\n<th><\/th>\n<\/tr>\n<\/thead>\n<tbody>\n<tr>\n<td>Adulti<\/td>\n<td>7 \u20ac<\/td>\n<\/tr>\n<tr>\n<td>Ragazzi (-18 anni e studenti)<\/td>\n<td>4 \u20ac<\/td>\n<\/tr>\n<tr>\n<td><\/td>\n<td><\/td>\n<\/tr>\n<\/tbody>\n<thead>\n<tr>\n<th><strong>GRUPPI SCOLASTICI<\/strong>\u00a0(tranne Il Musseo del Vetro)<\/th>\n<th style=\"text-align: left;\">70 \u20ac<\/th>\n<\/tr>\n<\/thead>\n<thead>\n<tr>\n<th style=\"text-align: left;\"><strong>GRUPPI ADULTI\u00a0<\/strong>(tranne Il Musseo del Vetro)<\/th>\n<th><\/th>\n<\/tr>\n<\/thead>\n<tbody>\n<tr>\n<td>Prezzo unico (per il gruppo)<\/td>\n<td>70 \u20ac<\/td>\n<\/tr>\n<\/tbody>\n<\/table>\n<p>&nbsp;<\/p>\n<\/div>\n<\/div><\/div><\/div><div id=\"pgc-3956-0-1\"  class=\"panel-grid-cell panel-grid-cell-empty\" ><\/div><div id=\"pgc-3956-0-2\"  class=\"panel-grid-cell\" ><div id=\"panel-3956-0-2-0\" class=\"so-panel widget widget_iconbox-widget panel-first-child panel-last-child\" data-index=\"1\" ><div\n\t\t\t\n\t\t\tclass=\"so-widget-iconbox-widget so-widget-iconbox-widget-base\"\n\t\t\t\n\t\t>\n\n<div class=\"icon-box ibox-center default standard standard\" data-appear-animation=\"swing\">\n    <div class=\"ibox-icon\" >\n        <span class=\"sow-icon-fontawesome sow-fas\" data-sow-icon=\"&#xf1da;\"\n\t\tstyle=\"\" \n\t\taria-hidden=\"true\"><\/span>    <\/div>\n    <h3>Orari<\/h3>    <p>Aperto da marted\u00ec a domenica.\nNei giorni feriali dalle 09:00 alle 17:00. Sabato, domenica e giorni festivi dalle 10.00 alle 18.00.\nChiuso il luned\u00ec, compresi i giorni festivi.\nNon \u00e8 necessaria la prenotazione per i visitatori individuali.<\/p><\/div><\/div><\/div><\/div><\/div><div id=\"pg-3956-1\"  class=\"panel-grid panel-no-style\" ><div id=\"pgc-3956-1-0\"  class=\"panel-grid-cell\" ><div id=\"panel-3956-1-0-0\" class=\"so-panel widget widget_sow-editor panel-first-child\" data-index=\"2\" ><div\n\t\t\t\n\t\t\tclass=\"so-widget-sow-editor so-widget-sow-editor-base\"\n\t\t\t\n\t\t><h3 class=\"widget-title\">Informazioni complementari<\/h3>\n<div class=\"siteorigin-widget-tinymce textwidget\">\n\t<\/div>\n<\/div><\/div><div id=\"panel-3956-1-0-1\" class=\"so-panel widget widget_tabs-widget\" data-index=\"3\" ><div\n\t\t\t\n\t\t\tclass=\"so-widget-tabs-widget so-widget-tabs-widget-base\"\n\t\t\t\n\t\t><div class=\"tabs\">\n    <ul class=\"nav nav-tabs\">\n    \t            <li class=\"active\"> <a data-toggle=\"tab\" href=\"#sampletab_0\">Visitatori individuali<\/a> <\/li><li class=\"\"> <a data-toggle=\"tab\" href=\"#sampletab_1\">Domenica gratuita<\/a> <\/li><li class=\"\"> <a data-toggle=\"tab\" href=\"#sampletab_2\">Gruppi (su prenotazione, max. 25 persone per gruppo)<\/a> <\/li>        <\/ul>\n    <div class=\"tab-content\">\n    <div id=\"sampletab_0\" class=\"tab-pane active\">Il prezzo d\u2019ingresso comprende l\u2019accesso ai musei (lo Spazio 8 agosto 1956, il Museo del Vetro, il Museo dell\u2019Industria (con audioguida), le fucine e gli spazi verdi) in visita libera.\n\nPer le animazioni, gli eventi e le mostre temporanee sono previste tariffe specifiche.\n\n\nLes animations, les \u00e9v\u00e9nements et les expositions temporaires b\u00e9n\u00e9ficient de tarifs sp\u00e9cifiques.<\/div><div id=\"sampletab_1\" class=\"tab-pane \">Il sito \u00e8 gratuito per i visitatori individuali al prima Domenica del mese.<\/div><div id=\"sampletab_2\" class=\"tab-pane \">Ingresso al sito (gratuito per l'autista e un accompagnatore per ogni gruppo di 25 persone).\nVisita guidata: 7 \u20ac (a persona) + 70 \u20ac per un gruppo.\n<\/div>    <\/div>\n<\/div><\/div><\/div><div id=\"panel-3956-1-0-2\" class=\"so-panel widget widget_spacer-widget panel-last-child\" data-index=\"4\" ><div\n\t\t\t\n\t\t\tclass=\"so-widget-spacer-widget so-widget-spacer-widget-base\"\n\t\t\t\n\t\t>\n<div class=\"clearfix\" style=\"height:30px\"><\/div><\/div><\/div><\/div><\/div><\/div>","protected":false},"excerpt":{"rendered":"<p>INDIVIDUALI Adulti 9 \u20ac Senior 8 \u20ac Ragazzi (-18 anni e studenti) 5 \u20ac Bambini (- 6 anni) Gratuito GRUPPI Adulti 7 \u20ac Ragazzi (-18 anni e studenti) 4 \u20ac GRUPPI SCOLASTICI\u00a0(tranne Il Musseo del Vetro) 70 \u20ac GRUPPI ADULTI\u00a0(tranne Il Musseo del Vetro) Prezzo unico (per il gruppo) 70 \u20ac &nbsp;<\/p>\n","protected":false},"author":1,"featured_media":0,"parent":0,"menu_order":118,"comment_status":"closed","ping_status":"closed","template":"","meta":{"_monsterinsights_skip_tracking":false,"_monsterinsights_sitenote_active":false,"_monsterinsights_sitenote_note":"","_monsterinsights_sitenote_category":0,"footnotes":""},"class_list":["post-3956","page","type-page","status-publish","hentry"],"yoast_head":"<!-- This site is optimized with the Yoast SEO plugin v27.4 - https:\/\/yoast.com\/product\/yoast-seo-wordpress\/ -->\n<title>Orari e Ingresso - Le Bois du Cazier<\/title>\n<meta name=\"robots\" content=\"index, follow, max-snippet:-1, max-image-preview:large, max-video-preview:-1\" \/>\n<link rel=\"canonical\" href=\"https:\/\/www.leboisducazier.be\/it\/orari-ingresso-2\/\" \/>\n<meta property=\"og:locale\" content=\"it_IT\" \/>\n<meta property=\"og:type\" content=\"article\" \/>\n<meta property=\"og:title\" content=\"Orari e Ingresso - Le Bois du Cazier\" \/>\n<meta property=\"og:description\" content=\"INDIVIDUALI Adulti 9 \u20ac Senior 8 \u20ac Ragazzi (-18 anni e studenti) 5 \u20ac Bambini (- 6 anni) Gratuito GRUPPI Adulti 7 \u20ac Ragazzi (-18 anni e studenti) 4 \u20ac GRUPPI SCOLASTICI\u00a0(tranne Il Musseo del Vetro) 70 \u20ac GRUPPI ADULTI\u00a0(tranne Il Musseo del Vetro) Prezzo unico (per il gruppo) 70 \u20ac &nbsp;\" \/>\n<meta property=\"og:url\" content=\"https:\/\/www.leboisducazier.be\/it\/orari-ingresso-2\/\" \/>\n<meta property=\"og:site_name\" content=\"Le Bois du Cazier\" \/>\n<meta property=\"article:modified_time\" content=\"2025-03-21T08:44:48+00:00\" \/>\n<meta name=\"twitter:card\" content=\"summary_large_image\" \/>\n<meta name=\"twitter:label1\" content=\"Est. reading time\" \/>\n\t<meta name=\"twitter:data1\" content=\"2 minutes\" \/>\n<script type=\"application\/ld+json\" class=\"yoast-schema-graph\">{\"@context\":\"https:\\\/\\\/schema.org\",\"@graph\":[{\"@type\":\"WebPage\",\"@id\":\"https:\\\/\\\/www.leboisducazier.be\\\/it\\\/orari-ingresso-2\\\/\",\"url\":\"https:\\\/\\\/www.leboisducazier.be\\\/it\\\/orari-ingresso-2\\\/\",\"name\":\"Orari e Ingresso - Le Bois du Cazier\",\"isPartOf\":{\"@id\":\"https:\\\/\\\/www.leboisducazier.be\\\/#website\"},\"datePublished\":\"2016-02-22T15:05:39+00:00\",\"dateModified\":\"2025-03-21T08:44:48+00:00\",\"breadcrumb\":{\"@id\":\"https:\\\/\\\/www.leboisducazier.be\\\/it\\\/orari-ingresso-2\\\/#breadcrumb\"},\"inLanguage\":\"it-IT\",\"potentialAction\":[{\"@type\":\"ReadAction\",\"target\":[\"https:\\\/\\\/www.leboisducazier.be\\\/it\\\/orari-ingresso-2\\\/\"]}]},{\"@type\":\"BreadcrumbList\",\"@id\":\"https:\\\/\\\/www.leboisducazier.be\\\/it\\\/orari-ingresso-2\\\/#breadcrumb\",\"itemListElement\":[{\"@type\":\"ListItem\",\"position\":1,\"name\":\"Accueil\",\"item\":\"https:\\\/\\\/www.leboisducazier.be\\\/it\\\/\"},{\"@type\":\"ListItem\",\"position\":2,\"name\":\"Orari e Ingresso\"}]},{\"@type\":\"WebSite\",\"@id\":\"https:\\\/\\\/www.leboisducazier.be\\\/#website\",\"url\":\"https:\\\/\\\/www.leboisducazier.be\\\/\",\"name\":\"Le Bois du Cazier\",\"description\":\"La conscience d&#039;une m\u00e9moire\",\"publisher\":{\"@id\":\"https:\\\/\\\/www.leboisducazier.be\\\/#organization\"},\"potentialAction\":[{\"@type\":\"SearchAction\",\"target\":{\"@type\":\"EntryPoint\",\"urlTemplate\":\"https:\\\/\\\/www.leboisducazier.be\\\/?s={search_term_string}\"},\"query-input\":{\"@type\":\"PropertyValueSpecification\",\"valueRequired\":true,\"valueName\":\"search_term_string\"}}],\"inLanguage\":\"it-IT\"},{\"@type\":\"Organization\",\"@id\":\"https:\\\/\\\/www.leboisducazier.be\\\/#organization\",\"name\":\"Le Bois du Cazier\",\"url\":\"https:\\\/\\\/www.leboisducazier.be\\\/\",\"logo\":{\"@type\":\"ImageObject\",\"inLanguage\":\"it-IT\",\"@id\":\"https:\\\/\\\/www.leboisducazier.be\\\/#\\\/schema\\\/logo\\\/image\\\/\",\"url\":\"https:\\\/\\\/www.leboisducazier.be\\\/wp-content\\\/uploads\\\/2024\\\/04\\\/logo-2024-bdc-gris-orange-positif_page-0001.jpg\",\"contentUrl\":\"https:\\\/\\\/www.leboisducazier.be\\\/wp-content\\\/uploads\\\/2024\\\/04\\\/logo-2024-bdc-gris-orange-positif_page-0001.jpg\",\"width\":508,\"height\":436,\"caption\":\"Le Bois du Cazier\"},\"image\":{\"@id\":\"https:\\\/\\\/www.leboisducazier.be\\\/#\\\/schema\\\/logo\\\/image\\\/\"}}]}<\/script>\n<!-- \/ Yoast SEO plugin. -->","yoast_head_json":{"title":"Orari e Ingresso - Le Bois du Cazier","robots":{"index":"index","follow":"follow","max-snippet":"max-snippet:-1","max-image-preview":"max-image-preview:large","max-video-preview":"max-video-preview:-1"},"canonical":"https:\/\/www.leboisducazier.be\/it\/orari-ingresso-2\/","og_locale":"it_IT","og_type":"article","og_title":"Orari e Ingresso - Le Bois du Cazier","og_description":"INDIVIDUALI Adulti 9 \u20ac Senior 8 \u20ac Ragazzi (-18 anni e studenti) 5 \u20ac Bambini (- 6 anni) Gratuito GRUPPI Adulti 7 \u20ac Ragazzi (-18 anni e studenti) 4 \u20ac GRUPPI SCOLASTICI\u00a0(tranne Il Musseo del Vetro) 70 \u20ac GRUPPI ADULTI\u00a0(tranne Il Musseo del Vetro) Prezzo unico (per il gruppo) 70 \u20ac &nbsp;","og_url":"https:\/\/www.leboisducazier.be\/it\/orari-ingresso-2\/","og_site_name":"Le Bois du Cazier","article_modified_time":"2025-03-21T08:44:48+00:00","twitter_card":"summary_large_image","twitter_misc":{"Est. reading time":"2 minutes"},"schema":{"@context":"https:\/\/schema.org","@graph":[{"@type":"WebPage","@id":"https:\/\/www.leboisducazier.be\/it\/orari-ingresso-2\/","url":"https:\/\/www.leboisducazier.be\/it\/orari-ingresso-2\/","name":"Orari e Ingresso - Le Bois du Cazier","isPartOf":{"@id":"https:\/\/www.leboisducazier.be\/#website"},"datePublished":"2016-02-22T15:05:39+00:00","dateModified":"2025-03-21T08:44:48+00:00","breadcrumb":{"@id":"https:\/\/www.leboisducazier.be\/it\/orari-ingresso-2\/#breadcrumb"},"inLanguage":"it-IT","potentialAction":[{"@type":"ReadAction","target":["https:\/\/www.leboisducazier.be\/it\/orari-ingresso-2\/"]}]},{"@type":"BreadcrumbList","@id":"https:\/\/www.leboisducazier.be\/it\/orari-ingresso-2\/#breadcrumb","itemListElement":[{"@type":"ListItem","position":1,"name":"Accueil","item":"https:\/\/www.leboisducazier.be\/it\/"},{"@type":"ListItem","position":2,"name":"Orari e Ingresso"}]},{"@type":"WebSite","@id":"https:\/\/www.leboisducazier.be\/#website","url":"https:\/\/www.leboisducazier.be\/","name":"Le Bois du Cazier","description":"La conscience d&#039;une m\u00e9moire","publisher":{"@id":"https:\/\/www.leboisducazier.be\/#organization"},"potentialAction":[{"@type":"SearchAction","target":{"@type":"EntryPoint","urlTemplate":"https:\/\/www.leboisducazier.be\/?s={search_term_string}"},"query-input":{"@type":"PropertyValueSpecification","valueRequired":true,"valueName":"search_term_string"}}],"inLanguage":"it-IT"},{"@type":"Organization","@id":"https:\/\/www.leboisducazier.be\/#organization","name":"Le Bois du Cazier","url":"https:\/\/www.leboisducazier.be\/","logo":{"@type":"ImageObject","inLanguage":"it-IT","@id":"https:\/\/www.leboisducazier.be\/#\/schema\/logo\/image\/","url":"https:\/\/www.leboisducazier.be\/wp-content\/uploads\/2024\/04\/logo-2024-bdc-gris-orange-positif_page-0001.jpg","contentUrl":"https:\/\/www.leboisducazier.be\/wp-content\/uploads\/2024\/04\/logo-2024-bdc-gris-orange-positif_page-0001.jpg","width":508,"height":436,"caption":"Le Bois du Cazier"},"image":{"@id":"https:\/\/www.leboisducazier.be\/#\/schema\/logo\/image\/"}}]}},"amp_enabled":true,"_links":{"self":[{"href":"https:\/\/www.leboisducazier.be\/it\/wp-json\/wp\/v2\/pages\/3956","targetHints":{"allow":["GET"]}}],"collection":[{"href":"https:\/\/www.leboisducazier.be\/it\/wp-json\/wp\/v2\/pages"}],"about":[{"href":"https:\/\/www.leboisducazier.be\/it\/wp-json\/wp\/v2\/types\/page"}],"author":[{"embeddable":true,"href":"https:\/\/www.leboisducazier.be\/it\/wp-json\/wp\/v2\/users\/1"}],"replies":[{"embeddable":true,"href":"https:\/\/www.leboisducazier.be\/it\/wp-json\/wp\/v2\/comments?post=3956"}],"version-history":[{"count":0,"href":"https:\/\/www.leboisducazier.be\/it\/wp-json\/wp\/v2\/pages\/3956\/revisions"}],"wp:attachment":[{"href":"https:\/\/www.leboisducazier.be\/it\/wp-json\/wp\/v2\/media?parent=3956"}],"curies":[{"name":"wp","href":"https:\/\/api.w.org\/{rel}","templated":true}]}}